{"id":8,"date":"2019-09-30T10:35:40","date_gmt":"2019-09-30T08:35:40","guid":{"rendered":"http:\/\/localhost\/monsiteweb\/?page_id=6"},"modified":"2019-10-05T13:53:41","modified_gmt":"2019-10-05T13:53:41","slug":"a-propos","status":"publish","type":"page","link":"https:\/\/clemenceitssaga.com\/index.php\/a-propos\/","title":{"rendered":"INFOS"},"content":{"rendered":"\n<p class=\"has-medium-font-size\">Cl\u00e9mence na\u00eet dans les ann\u00e9es 80 au Pays basque.<\/p>\n\n\n\n<p class=\"has-medium-font-size\">Jusqu&rsquo;\u00e0 pr\u00e9sent, elle a travaill\u00e9 avec les \u00e9ditions Zoom, Bayard, Magnard, Matahami, Auzou, Hatier et Seaska. Entre autres&#8230;<\/p>\n\n\n\n<p class=\"has-medium-font-size\">Ses plus grandes fiert\u00e9s dans le d\u00e9sordre : la niche d&rsquo;Hocco fabriqu\u00e9e \u00e0 12 ans, avoir dessin\u00e9 le crocodile le plus r\u00e9ussi de la moyenne section de maternelle de l&rsquo;\u00e9cole publique de St-Palais en 1990, un tr\u00e8s bon jeu de mots publi\u00e9 sur facebook en 2013, ses 3 enfants et avoir d\u00e9blay\u00e9 \u00e0 mains nues et en pleine nuit sa voiture.<\/p>\n\n\n\n<p class=\"has-medium-font-size\">et son prochain livre bien s\u00fbr !<\/p>\n\n\n\n<p class=\"has-medium-font-size\"> \u270d clemenceitssaga@gmail.com<\/p>\n\n\n\n<p class=\"has-medium-font-size\">06 17 67 14 93 <\/p>\n\n\n\n<figure class=\"wp-block-image\"><img loading=\"lazy\" decoding=\"async\" width=\"720\" height=\"960\" src=\"http:\/\/clemenceitssaga.com\/wp-content\/uploads\/2019\/10\/crocodile.jpg\" alt=\"\" class=\"wp-image-151\" srcset=\"https:\/\/clemenceitssaga.com\/wp-content\/uploads\/2019\/10\/crocodile.jpg 720w, https:\/\/clemenceitssaga.com\/wp-content\/uploads\/2019\/10\/crocodile-225x300.jpg 225w\" sizes=\"auto, (max-width: 720px) 100vw, 720px\" \/><\/figure>\n","protected":false},"excerpt":{"rendered":"<p>Cl\u00e9mence na\u00eet dans les ann\u00e9es 80 au Pays basque. Jusqu&rsquo;\u00e0 pr\u00e9sent, elle a travaill\u00e9 avec les \u00e9ditions Zoom, Bayard, Magnard, Matahami, Auzou, Hatier et Seaska. Entre autres&#8230; Ses plus grandes fiert\u00e9s dans le d\u00e9sordre : la niche d&rsquo;Hocco fabriqu\u00e9e \u00e0 12 ans, avoir dessin\u00e9 le crocodile le plus r\u00e9ussi de la moyenne section de maternelle&hellip; <\/p>\n","protected":false},"author":1,"featured_media":0,"parent":0,"menu_order":0,"comment_status":"closed","ping_status":"closed","template":"","meta":{"footnotes":""},"class_list":["post-8","page","type-page","status-publish","hentry"],"_links":{"self":[{"href":"https:\/\/clemenceitssaga.com\/index.php\/wp-json\/wp\/v2\/pages\/8","targetHints":{"allow":["GET"]}}],"collection":[{"href":"https:\/\/clemenceitssaga.com\/index.php\/wp-json\/wp\/v2\/pages"}],"about":[{"href":"https:\/\/clemenceitssaga.com\/index.php\/wp-json\/wp\/v2\/types\/page"}],"author":[{"embeddable":true,"href":"https:\/\/clemenceitssaga.com\/index.php\/wp-json\/wp\/v2\/users\/1"}],"replies":[{"embeddable":true,"href":"https:\/\/clemenceitssaga.com\/index.php\/wp-json\/wp\/v2\/comments?post=8"}],"version-history":[{"count":4,"href":"https:\/\/clemenceitssaga.com\/index.php\/wp-json\/wp\/v2\/pages\/8\/revisions"}],"predecessor-version":[{"id":282,"href":"https:\/\/clemenceitssaga.com\/index.php\/wp-json\/wp\/v2\/pages\/8\/revisions\/282"}],"wp:attachment":[{"href":"https:\/\/clemenceitssaga.com\/index.php\/wp-json\/wp\/v2\/media?parent=8"}],"curies":[{"name":"wp","href":"https:\/\/api.w.org\/{rel}","templated":true}]}}