{"id":411,"date":"2020-10-16T15:35:48","date_gmt":"2020-10-16T15:35:48","guid":{"rendered":"https:\/\/www.clemenceitssaga.com\/?page_id=411"},"modified":"2020-10-21T13:26:13","modified_gmt":"2020-10-21T13:26:13","slug":"exposition","status":"publish","type":"page","link":"https:\/\/clemenceitssaga.com\/index.php\/exposition\/","title":{"rendered":"EXPOSITION"},"content":{"rendered":"\n<p class=\"has-medium-font-size\"><strong>Musikaldo<\/strong>, exposition bilingue que j&rsquo;ai cr\u00e9\u00e9e \u00e0 partir de l&rsquo;album <em>Aldo musikari<\/em> est disponible \u00e0 la location. Pour plus d&rsquo;infos, contactez-moi.<\/p>\n\n\n\n<figure class=\"wp-block-image size-large is-style-default\"><img loading=\"lazy\" decoding=\"async\" width=\"649\" height=\"1024\" src=\"https:\/\/clemenceitssaga.com\/wp-content\/uploads\/2020\/10\/AFFICHE-musikaldo-web2-649x1024.jpg\" alt=\"\" class=\"wp-image-432\" srcset=\"https:\/\/clemenceitssaga.com\/wp-content\/uploads\/2020\/10\/AFFICHE-musikaldo-web2-649x1024.jpg 649w, https:\/\/clemenceitssaga.com\/wp-content\/uploads\/2020\/10\/AFFICHE-musikaldo-web2-190x300.jpg 190w, https:\/\/clemenceitssaga.com\/wp-content\/uploads\/2020\/10\/AFFICHE-musikaldo-web2-768x1212.jpg 768w, https:\/\/clemenceitssaga.com\/wp-content\/uploads\/2020\/10\/AFFICHE-musikaldo-web2-973x1536.jpg 973w, https:\/\/clemenceitssaga.com\/wp-content\/uploads\/2020\/10\/AFFICHE-musikaldo-web2.jpg 1024w\" sizes=\"auto, (max-width: 649px) 100vw, 649px\" \/><\/figure>\n\n\n\n<p class=\"has-medium-font-size\">L&rsquo;exposition se compose de :<\/p>\n\n\n\n<p class=\"has-medium-font-size\">&#8211; un <strong>coin lecture<\/strong> (tipi, transat, coussins)<\/p>\n\n\n\n<p class=\"has-medium-font-size\">&#8211; un <strong>puzzle 100 pi\u00e8ces <\/strong>&#8211; illustration issue de l&rsquo;album <em>Aldo musikari<\/em>.<\/p>\n\n\n\n<figure class=\"wp-block-image size-large\"><img loading=\"lazy\" decoding=\"async\" width=\"425\" height=\"425\" src=\"https:\/\/clemenceitssaga.com\/wp-content\/uploads\/2020\/10\/exp5.jpg\" alt=\"\" class=\"wp-image-425\" srcset=\"https:\/\/clemenceitssaga.com\/wp-content\/uploads\/2020\/10\/exp5.jpg 425w, https:\/\/clemenceitssaga.com\/wp-content\/uploads\/2020\/10\/exp5-300x300.jpg 300w, https:\/\/clemenceitssaga.com\/wp-content\/uploads\/2020\/10\/exp5-150x150.jpg 150w\" sizes=\"auto, (max-width: 425px) 100vw, 425px\" \/><\/figure>\n\n\n\n<p class=\"has-medium-font-size\">&#8211; <strong>\u00ab\u00a0les \u00e9motions d&rsquo;Aldo\u00a0\u00bb<\/strong> panneau de bois de 65cm de haut \u00e0 poser contre un mur et ses \u00e9l\u00e9ments velcro.<\/p>\n\n\n\n<figure class=\"wp-block-image size-large\"><img loading=\"lazy\" decoding=\"async\" width=\"425\" height=\"284\" src=\"https:\/\/clemenceitssaga.com\/wp-content\/uploads\/2020\/10\/exp3.jpg\" alt=\"\" class=\"wp-image-423\" srcset=\"https:\/\/clemenceitssaga.com\/wp-content\/uploads\/2020\/10\/exp3.jpg 425w, https:\/\/clemenceitssaga.com\/wp-content\/uploads\/2020\/10\/exp3-300x200.jpg 300w\" sizes=\"auto, (max-width: 425px) 100vw, 425px\" \/><\/figure>\n\n\n\n<p class=\"has-medium-font-size\"><span class=\"has-inline-color has-vivid-cyan-blue-color\">&gt;L&rsquo;enfant manipule les diff\u00e9rents \u00e9l\u00e9ments pour changer l&rsquo;humeur d&rsquo;Aldo : triste, f\u00e2ch\u00e9, souriant, etc<\/span><\/p>\n\n\n\n<p class=\"has-medium-font-size\">&#8211; <strong>panneau sonore \u00ab\u00a0la cha\u00eene du livre\u00a0\u00bb <\/strong>avec casque audio ou haut parleur, n\u00e9cessite une prise de courant.<\/p>\n\n\n\n<p class=\"has-medium-font-size\"><span class=\"has-inline-color has-vivid-cyan-blue-color\">&gt;L&rsquo;affiche pr\u00e9sente les diff\u00e9rents intervenants dans la fabrication d&rsquo;un livre. L&rsquo;enfant appuie sur les diff\u00e9rents personnages et ceux-ci pr\u00e9sentent alors leur m\u00e9tier (en fran\u00e7ais ou en euskara selon l&rsquo;intervenant)<\/span><\/p>\n\n\n\n<figure class=\"wp-block-image size-large\"><img loading=\"lazy\" decoding=\"async\" width=\"425\" height=\"425\" src=\"https:\/\/clemenceitssaga.com\/wp-content\/uploads\/2020\/10\/exp6.jpg\" alt=\"\" class=\"wp-image-426\" srcset=\"https:\/\/clemenceitssaga.com\/wp-content\/uploads\/2020\/10\/exp6.jpg 425w, https:\/\/clemenceitssaga.com\/wp-content\/uploads\/2020\/10\/exp6-300x300.jpg 300w, https:\/\/clemenceitssaga.com\/wp-content\/uploads\/2020\/10\/exp6-150x150.jpg 150w\" sizes=\"auto, (max-width: 425px) 100vw, 425px\" \/><\/figure>\n\n\n\n<p class=\"has-medium-font-size\">&#8211; <strong>jeu Jokoaldo<\/strong> <strong>&#8211;<\/strong> plateau de jeu, 6 pions, et panneau vertical pour lancer les palets.<\/p>\n\n\n\n<p class=\"has-medium-font-size\"><span class=\"has-inline-color has-vivid-cyan-blue-color\">&gt;Un jeu de l&rsquo;oie revisit\u00e9 : les joueurs lancent 2 palets et additionnent les points marqu\u00e9s pour savoir de combien de cases avancer. Selon la case, ils devront r\u00e9aliser des d\u00e9fis. 6 joueurs maximum.<\/span><\/p>\n\n\n\n<figure class=\"wp-block-image size-large\"><img loading=\"lazy\" decoding=\"async\" width=\"425\" height=\"284\" src=\"https:\/\/clemenceitssaga.com\/wp-content\/uploads\/2020\/10\/exp2.jpg\" alt=\"\" class=\"wp-image-422\" srcset=\"https:\/\/clemenceitssaga.com\/wp-content\/uploads\/2020\/10\/exp2.jpg 425w, https:\/\/clemenceitssaga.com\/wp-content\/uploads\/2020\/10\/exp2-300x200.jpg 300w\" sizes=\"auto, (max-width: 425px) 100vw, 425px\" \/><\/figure>\n\n\n\n<p class=\"has-medium-font-size\">&#8211; une <strong>t\u00e9l\u00e9vision<\/strong>, son lecteur de cl\u00e9 usb et un <strong>reportage vid\u00e9o<\/strong> (en euskara uniquement) n\u00e9cessite une prise de courant, possibilit\u00e9 d&rsquo;\u00e9couter au casque.<\/p>\n\n\n\n<p class=\"has-medium-font-size\"><span class=\"has-inline-color has-vivid-cyan-blue-color\">&gt;14 portraits de musiciens bascophones, dur\u00e9e 1h05, n\u00e9cessite une prise de courant<\/span><\/p>\n\n\n\n<p class=\"has-medium-font-size\">&#8211; 2 mod\u00e8les de <strong>coloriage<\/strong> et feutres dans leur panier<\/p>\n\n\n\n<p class=\"has-medium-font-size\">&#8211; jeu<strong> vocabulaire<\/strong> pinces \u00e0 linge \u00ab\u00a0lettr\u00e9es\u00a0\u00bb et leurs 31 fiches plastifi\u00e9es, dans leur panier.<\/p>\n\n\n\n<figure class=\"wp-block-image size-large\"><img loading=\"lazy\" decoding=\"async\" width=\"306\" height=\"425\" src=\"https:\/\/clemenceitssaga.com\/wp-content\/uploads\/2020\/10\/exp4.jpg\" alt=\"\" class=\"wp-image-424\" srcset=\"https:\/\/clemenceitssaga.com\/wp-content\/uploads\/2020\/10\/exp4.jpg 306w, https:\/\/clemenceitssaga.com\/wp-content\/uploads\/2020\/10\/exp4-216x300.jpg 216w\" sizes=\"auto, (max-width: 306px) 100vw, 306px\" \/><\/figure>\n\n\n\n<p class=\"has-medium-font-size\"><span class=\"has-inline-color has-vivid-cyan-blue-color\">&gt;L&rsquo;enfant apprend \u00e0 \u00e9crire le mot en pla\u00e7ant la bonne pince \u00e0 linge. En majuscules ou minuscules.<\/span><\/p>\n\n\n\n<p class=\"has-medium-font-size\">&#8211; 1 <strong>affiche de l&rsquo;expo<\/strong> 45x70cm et son porte affiche (usage int\u00e9rieur)<\/p>\n\n\n\n<p class=\"has-medium-font-size\">&#8211; 1 <strong>affiche pr\u00e9sentant l&rsquo;expo<\/strong> 45x70cm et son porte affiche (usage int\u00e9rieur)<\/p>\n\n\n\n<p class=\"has-medium-font-size\">&#8211; 2<strong> tables basses <\/strong>80x80cm et 70x100cm.<\/p>\n\n\n\n<p class=\"has-medium-font-size\">&#8211; 3 <strong>tapis<\/strong><\/p>\n\n\n\n<p class=\"has-large-font-size\">Les consign\u00e9s laiss\u00e9es sur les stands sont toutes en euskara d&rsquo;un c\u00f4t\u00e9, en fran\u00e7ais de l&rsquo;autre.<\/p>\n\n\n\n<figure class=\"wp-block-image size-large\"><img loading=\"lazy\" decoding=\"async\" width=\"567\" height=\"378\" src=\"https:\/\/clemenceitssaga.com\/wp-content\/uploads\/2020\/10\/exp1.jpg\" alt=\"\" class=\"wp-image-421\" srcset=\"https:\/\/clemenceitssaga.com\/wp-content\/uploads\/2020\/10\/exp1.jpg 567w, https:\/\/clemenceitssaga.com\/wp-content\/uploads\/2020\/10\/exp1-300x200.jpg 300w\" sizes=\"auto, (max-width: 567px) 100vw, 567px\" \/><\/figure>\n","protected":false},"excerpt":{"rendered":"<p>Musikaldo, exposition bilingue que j&rsquo;ai cr\u00e9\u00e9e \u00e0 partir de l&rsquo;album Aldo musikari est disponible \u00e0 la location. Pour plus d&rsquo;infos, contactez-moi. L&rsquo;exposition se compose de : &#8211; un coin lecture (tipi, transat, coussins) &#8211; un puzzle 100 pi\u00e8ces &#8211; illustration issue de l&rsquo;album Aldo musikari. &#8211; \u00ab\u00a0les \u00e9motions d&rsquo;Aldo\u00a0\u00bb panneau de bois de 65cm de&hellip; <\/p>\n","protected":false},"author":1,"featured_media":0,"parent":0,"menu_order":0,"comment_status":"closed","ping_status":"closed","template":"","meta":{"footnotes":""},"class_list":["post-411","page","type-page","status-publish","hentry"],"_links":{"self":[{"href":"https:\/\/clemenceitssaga.com\/index.php\/wp-json\/wp\/v2\/pages\/411","targetHints":{"allow":["GET"]}}],"collection":[{"href":"https:\/\/clemenceitssaga.com\/index.php\/wp-json\/wp\/v2\/pages"}],"about":[{"href":"https:\/\/clemenceitssaga.com\/index.php\/wp-json\/wp\/v2\/types\/page"}],"author":[{"embeddable":true,"href":"https:\/\/clemenceitssaga.com\/index.php\/wp-json\/wp\/v2\/users\/1"}],"replies":[{"embeddable":true,"href":"https:\/\/clemenceitssaga.com\/index.php\/wp-json\/wp\/v2\/comments?post=411"}],"version-history":[{"count":10,"href":"https:\/\/clemenceitssaga.com\/index.php\/wp-json\/wp\/v2\/pages\/411\/revisions"}],"predecessor-version":[{"id":433,"href":"https:\/\/clemenceitssaga.com\/index.php\/wp-json\/wp\/v2\/pages\/411\/revisions\/433"}],"wp:attachment":[{"href":"https:\/\/clemenceitssaga.com\/index.php\/wp-json\/wp\/v2\/media?parent=411"}],"curies":[{"name":"wp","href":"https:\/\/api.w.org\/{rel}","templated":true}]}}