{"id":209,"date":"2019-10-02T12:47:40","date_gmt":"2019-10-02T12:47:40","guid":{"rendered":"http:\/\/clemenceitssaga.com\/?page_id=209"},"modified":"2023-09-06T15:09:59","modified_gmt":"2023-09-06T15:09:59","slug":"rencontres","status":"publish","type":"page","link":"https:\/\/clemenceitssaga.com\/index.php\/rencontres\/","title":{"rendered":"RENCONTRES"},"content":{"rendered":"\n<p class=\"has-medium-font-size\">Il m&rsquo;arrive de partir \u00e0 la rencontre des jeunes lecteurs dans les \u00e9coles maternelles et primaires, les m\u00e9diath\u00e8ques pour y parler de mon m\u00e9tier et y animer des ateliers cr\u00e9atifs.<\/p>\n\n\n\n<figure class=\"wp-block-image\"><img loading=\"lazy\" decoding=\"async\" width=\"1024\" height=\"945\" src=\"http:\/\/clemenceitssaga.com\/wp-content\/uploads\/2019\/10\/ATELIER-1-1024x945.jpg\" alt=\"\" class=\"wp-image-210\" srcset=\"https:\/\/clemenceitssaga.com\/wp-content\/uploads\/2019\/10\/ATELIER-1.jpg 1024w, https:\/\/clemenceitssaga.com\/wp-content\/uploads\/2019\/10\/ATELIER-1-300x277.jpg 300w, https:\/\/clemenceitssaga.com\/wp-content\/uploads\/2019\/10\/ATELIER-1-768x709.jpg 768w\" sizes=\"auto, (max-width: 1024px) 100vw, 1024px\" \/><\/figure>\n\n\n\n<p>Les tarifs que j&rsquo;applique sont ceux pr\u00e9conis\u00e9s par <a href=\"http:\/\/www.la-charte.fr\/le-metier\/rencontres\/article\/la-remuneration-des-rencontres-et\">la Charte des auteurs et illustrateurs jeunesse<\/a>.<\/p>\n\n\n\n<p>Les frais de transport, d&rsquo;h\u00e9bergement, de repas sont \u00e0 la charge de la structure qui m&rsquo;accueille.<\/p>\n\n\n\n<figure class=\"wp-block-image size-large\"><img loading=\"lazy\" decoding=\"async\" width=\"768\" height=\"1024\" src=\"https:\/\/clemenceitssaga.com\/wp-content\/uploads\/2021\/08\/ateliercreatif-768x1024.jpg\" alt=\"\" class=\"wp-image-619\" srcset=\"https:\/\/clemenceitssaga.com\/wp-content\/uploads\/2021\/08\/ateliercreatif-768x1024.jpg 768w, https:\/\/clemenceitssaga.com\/wp-content\/uploads\/2021\/08\/ateliercreatif-225x300.jpg 225w, https:\/\/clemenceitssaga.com\/wp-content\/uploads\/2021\/08\/ateliercreatif-1152x1536.jpg 1152w, https:\/\/clemenceitssaga.com\/wp-content\/uploads\/2021\/08\/ateliercreatif.jpg 1276w\" sizes=\"auto, (max-width: 768px) 100vw, 768px\" \/><\/figure>\n\n\n\n<figure class=\"wp-block-image size-large\"><img loading=\"lazy\" decoding=\"async\" width=\"576\" height=\"1024\" src=\"https:\/\/clemenceitssaga.com\/wp-content\/uploads\/2023\/09\/DSC_2540-576x1024.jpg\" alt=\"\" class=\"wp-image-645\" srcset=\"https:\/\/clemenceitssaga.com\/wp-content\/uploads\/2023\/09\/DSC_2540-576x1024.jpg 576w, https:\/\/clemenceitssaga.com\/wp-content\/uploads\/2023\/09\/DSC_2540-169x300.jpg 169w, https:\/\/clemenceitssaga.com\/wp-content\/uploads\/2023\/09\/DSC_2540-768x1365.jpg 768w, https:\/\/clemenceitssaga.com\/wp-content\/uploads\/2023\/09\/DSC_2540-864x1536.jpg 864w, https:\/\/clemenceitssaga.com\/wp-content\/uploads\/2023\/09\/DSC_2540-1152x2048.jpg 1152w, https:\/\/clemenceitssaga.com\/wp-content\/uploads\/2023\/09\/DSC_2540-scaled.jpg 1440w\" sizes=\"auto, (max-width: 576px) 100vw, 576px\" \/><\/figure>\n\n\n\n<figure class=\"wp-block-image size-large\"><img loading=\"lazy\" decoding=\"async\" width=\"1024\" height=\"988\" src=\"https:\/\/clemenceitssaga.com\/wp-content\/uploads\/2023\/09\/fresque3-1-1024x988.jpg\" alt=\"\" class=\"wp-image-646\" srcset=\"https:\/\/clemenceitssaga.com\/wp-content\/uploads\/2023\/09\/fresque3-1-1024x988.jpg 1024w, https:\/\/clemenceitssaga.com\/wp-content\/uploads\/2023\/09\/fresque3-1-300x289.jpg 300w, https:\/\/clemenceitssaga.com\/wp-content\/uploads\/2023\/09\/fresque3-1-768x741.jpg 768w, https:\/\/clemenceitssaga.com\/wp-content\/uploads\/2023\/09\/fresque3-1.jpg 1134w\" sizes=\"auto, (max-width: 1024px) 100vw, 1024px\" \/><\/figure>\n\n\n\n<p>Atelier ponctuel sur une demi-journ\u00e9e ou projet plus long, exposez-moi vos id\u00e9es et je vous enverrai un devis !<\/p>\n","protected":false},"excerpt":{"rendered":"<p>Il m&rsquo;arrive de partir \u00e0 la rencontre des jeunes lecteurs dans les \u00e9coles maternelles et primaires, les m\u00e9diath\u00e8ques pour y parler de mon m\u00e9tier et y animer des ateliers cr\u00e9atifs. Les tarifs que j&rsquo;applique sont ceux pr\u00e9conis\u00e9s par la Charte des auteurs et illustrateurs jeunesse. Les frais de transport, d&rsquo;h\u00e9bergement, de repas sont \u00e0 la&hellip; <\/p>\n","protected":false},"author":1,"featured_media":0,"parent":0,"menu_order":0,"comment_status":"closed","ping_status":"closed","template":"","meta":{"footnotes":""},"class_list":["post-209","page","type-page","status-publish","hentry"],"_links":{"self":[{"href":"https:\/\/clemenceitssaga.com\/index.php\/wp-json\/wp\/v2\/pages\/209","targetHints":{"allow":["GET"]}}],"collection":[{"href":"https:\/\/clemenceitssaga.com\/index.php\/wp-json\/wp\/v2\/pages"}],"about":[{"href":"https:\/\/clemenceitssaga.com\/index.php\/wp-json\/wp\/v2\/types\/page"}],"author":[{"embeddable":true,"href":"https:\/\/clemenceitssaga.com\/index.php\/wp-json\/wp\/v2\/users\/1"}],"replies":[{"embeddable":true,"href":"https:\/\/clemenceitssaga.com\/index.php\/wp-json\/wp\/v2\/comments?post=209"}],"version-history":[{"count":4,"href":"https:\/\/clemenceitssaga.com\/index.php\/wp-json\/wp\/v2\/pages\/209\/revisions"}],"predecessor-version":[{"id":647,"href":"https:\/\/clemenceitssaga.com\/index.php\/wp-json\/wp\/v2\/pages\/209\/revisions\/647"}],"wp:attachment":[{"href":"https:\/\/clemenceitssaga.com\/index.php\/wp-json\/wp\/v2\/media?parent=209"}],"curies":[{"name":"wp","href":"https:\/\/api.w.org\/{rel}","templated":true}]}}